{"id":70,"date":"2016-12-13T15:32:20","date_gmt":"2016-12-13T14:32:20","guid":{"rendered":"http:\/\/pvlignitions.com\/shop-us\/agb\/"},"modified":"2016-12-22T15:17:20","modified_gmt":"2016-12-22T14:17:20","slug":"agb","status":"publish","type":"page","link":"https:\/\/pvlignitions.com\/shop-us\/agb\/","title":{"rendered":"Terms of Service"},"content":{"rendered":"<h1>Allgemeine Gesch\u00e4ftsbedingungen<\/h1>\n<p><strong>Imanuel Schramm<br \/>\nWellmutsweiler 10<br \/>\n88069 Tettnang<br \/>\nUSt-Id.-Nr. DE 81 351 55 70<br \/>\nFinanzamt Friedrichshafen<\/strong><\/p>\n<p>&nbsp;<\/p>\n<h2>1. Geltungsbereich<\/h2>\n<p>1.1 Lieferungen, Leistungen und Angebote erfolgen ausschlie\u00dflich aufgrund dieser Gesch\u00e4ftsbedingungen. \u00c4nderungen und Nebenabreden hierzu sind nur mit schriftlicher Best\u00e4tigung durch die Fa. Imgnition Schramm wirksam.<br \/>\n1.2 Etwaigen Allgemeinen Gesch\u00e4ftsbedingungen des K\u00e4ufers wird hiermit ausdr\u00fccklich widersprochen, diese haben keine G\u00fcltigkeit.<\/p>\n<h2>2. Vertragsschluss und Umfang der Lieferung<\/h2>\n<p>2.1 Ein Vertrag kommt, wenn nichts anderes vereinbart ist, mit der schriftlichen Auftragsbest\u00e4tigung oder der Auslieferung der bestellten Ware zustande. Die Auftragsbest\u00e4tigung ist ma\u00dfgeblich f\u00fcr den Umfang der Lieferung.<br \/>\n2.2 Die Fa. Schramm haftet nicht bei telefonischer Bestellung f\u00fcr Falschlieferungen. Das Risiko aus dieser Bestellung tr\u00e4gt in vollem Umfang der Auftraggeber.<br \/>\n2.3 Werden Ersatz- bzw. Tuningteile, Zubeh\u00f6r oder sonstige Teile aufgrund unklarer, falscher oder unvollst\u00e4ndiger Angaben falsch oder unvollst\u00e4ndig geliefert, so tr\u00e4gt der Besteller das gesamte Risiko, Schadenersatzanspr\u00fcche jeglicher Art werden ausgeschlossen.<br \/>\n2.4 An Angeboten behalten wir uns unsere Eigentums- und Urheberrechte ausdr\u00fccklich vor. Diese Unterlagen d\u00fcrfen Dritten nur dann zug\u00e4nglich gemacht werden, wenn dies von uns ausdr\u00fccklich schriftlich freigegeben wurde.<br \/>\n2.5 Die Preisangaben in unseren Katalogen, Web-Shops, Anzeigen, Preislisten oder in den zum Angebot geh\u00f6renden Angaben sind unverbindlich, soweit sie nicht in der Auftragsbest\u00e4tigung ausdr\u00fccklich durch den Gesch\u00e4ftsinhaber als verbindlich bezeichnet sind.<\/p>\n<h2>3. Lieferung<\/h2>\n<p>3.1 Lieferfristen sind nur nach ausdr\u00fccklicher schriftlicher Vereinbarung verbindlich und gelten als eingehalten, wenn die Ware unser Unternehmen verlassen hat bzw. zur Abholung bereit steht.<br \/>\n3.2 Bei Sonderanfertigungen oder in Kleinserie hergestellten Zubeh\u00f6rteilen und Komponenten behalten wir uns technische \u00c4nderungen sowie Ma\u00df- und Gewichtsabweichungen aufgrund unserer spezifischen Produktionstechnik bzw. durch Weiterentwicklung vor. Bei einem R\u00fccktritt des Auftraggebers stellen wir die bis zum Zeitpunkt der Stornierung angefallenen Kosten in Rechnung.<br \/>\n3.3 Die Lieferfrist verl\u00e4ngert sich angemessen bei Ma\u00dfnahmen im Rahmen von Arbeitsk\u00e4mpfen, insbesondere bei Streik und Aussperrung sowie beim Eintritt unvorhergesehener Hindernisse, die nicht im Verantwortungsbereich der Fa. Imgnition Schramm liegen. Die Lieferfrist gilt auch als eingehalten, wenn sich der Versand auf Veranlassung\/ Verschulden des Bestellers verz\u00f6gert.<br \/>\n3.4 Kommen wir in Lieferverzug, so kann der K\u00e4ufer eine angemessene Frist zur Leistung setzen. Nach Fristablauf kann der K\u00e4ufer vom Vertrag zur\u00fccktreten, bei Teilerf\u00fcllung von nicht erf\u00fcllten Teilen des Vertrages. Schadenersatzanspruch ist ausgeschlossen.<\/p>\n<h2>4. Versand, Gefahren\u00fcbergang und Warenannahme<\/h2>\n<p>4.1 Der Versand erfolgt auf Gefahr und Kosten des K\u00e4ufers, sobald die Ware unseren Betrieb verlassen hat. Eine Transportversicherung erfolgt nur auf ausdr\u00fccklichen Wunsch des K\u00e4ufers und geht zu seinen Lasten. Die Versandart wird von uns bestimmt. Eine Haftung f\u00fcr die Ermittlung der g\u00fcnstigsten Versandwege k\u00f6nnen wir nicht \u00fcbernehmen. Verz\u00f6gert sich der Transport der Ware ohne unser Verschulden, so lagert die Ware auf Kosten des K\u00e4ufers. Als Nachweis f\u00fcr eine ordnungsgem\u00e4\u00dfe Versendung der Ware ist die Empfangsquittung des jeweiligen Transportunternehmens ausreichend.<br \/>\n4.2 Wir behalten uns Teillieferung vor, soweit die gelieferte Ware vom K\u00e4ufer verwendet werden kann. Der Versand erfolgt, wenn nicht ausdr\u00fccklich anders schriftlich vereinbart, nur per Vorkasse.<br \/>\n4.3 Besch\u00e4digte Ware ist beim Transportunternehmen erst dann abzunehmen, wenn vom Transportunternehmen der Schaden protokolliert und anerkannt worden ist. Bei Nichtbeachtung hat der K\u00e4ufer den hieraus entstehenden Schaden selbst zu tragen.<br \/>\n4.4 Durch den Transport besch\u00e4digte Ware ist keinesfalls ohne schriftliche Zustimmung unsererseits an uns zur\u00fcck zu senden, sondern dem Transportunternehmen zur Verf\u00fcgung zu stellen. F\u00fcr den vom Transportunternehmen anerkannten Schaden leisten wir umgehend eine Ersatzlieferung (Schadensprotokoll bitte sofort zusenden). Der Rechnungsbetrag ist direkt an uns zu begleichen und vom K\u00e4ufer dem Transporteur in Rechnung zu stellen.<br \/>\n4.5 Versandkosten<br \/>\nVersandkosten tr\u00e4gt der K\u00e4ufer. Versand erfolgt innerhalb 48 Stunden nach gepr\u00fcftem und vollst\u00e4ndigem Zahlungseingang.<br \/>\nVersand Details f\u00fcr Deutschland:<br \/>\nVersand Details innerhalb Deutschland (Festland):<br \/>\nPaket je nach Gewicht ab 7,00 Euro, siehe auch jeweilige Artikelbeschreibung.<br \/>\nDetails sind, sofern nicht gesondert angegeben, vorab zu kl\u00e4ren. Stellen Sie dazu eine Anfrage an Fa. Imgnition Schramm<br \/>\nVersandkosten werden nach den aktuellen Post DHL Tarifen f\u00fcr versicherte Paketsendungen nach Gewicht berechnet. Diese sind immer bei Vorkasse per \u00dcberweisung zu entrichten. Wir versenden ausschlie\u00dflich nur versicherte Pakete.<br \/>\nPaket versichert bis max. 31,00 kg. Kosten gem\u00e4\u00df der zum Liefertermin aktuellen Post DHL Geb\u00fchren.<br \/>\nWir versenden vorzugsweise mit einem Paketdienst.<br \/>\nVersand per Nachnahme ist aus logistischen Gr\u00fcnden nicht m\u00f6glich!<br \/>\nVersand Details f\u00fcr Europa:<br \/>\nPaket je nach Gewicht ab 25 Euro.<br \/>\nDetails sind, sofern nicht gesondert angegeben, vorab zu kl\u00e4ren. Stellen Sie dazu eine Anfrage an Fa. Imgnition Schramm.<\/p>\n<h2>5. Preise und Zahlungsbedingungen<\/h2>\n<p>5.1 Die Preise verstehen sich ausschlie\u00dflich Versicherung und Versandkosten, aber inklusive jeweils g\u00fcltiger Mehrwertsteuer. F\u00fcr eventuelle Druckfehler bei Warenauszeichnungen in unserem Katalog \/ Internetshop oder sonstigen Publikationen wird nicht gehaftet.<br \/>\n5.2 Vom Kunden abgeholte Ware ist sofort in bar zu bezahlen. Das gleiche gilt bei der Abholung umger\u00fcsteter Fahrzeuge bzw. bei Abholung von Neufahrzeugen.<br \/>\n5.3 Preis\u00e4nderungen sind nur zul\u00e4ssig, wenn zwischen Vertragsabschluss und vereinbartem Liefertermin mehr als drei Monate liegen und wir aufgrund einer zwischenzeitlichen Preiserh\u00f6hung des Herstellers einen h\u00f6heren Preis entrichten m\u00fcssen oder sich die gesetzliche Umsatzsteuer oder Z\u00f6lle erh\u00f6hen. In diesem Fall gilt der am Tage der Lieferung g\u00fcltige Preis des Verk\u00e4ufers. Ist der K\u00e4ufer Kaufmann, bei dem der Vertrag zum Betrieb des Handelsgewerbes geh\u00f6rt, so sind Preis\u00e4nderungen zul\u00e4ssig, wenn zwischen Vertragsabschluss und Liefertermin mehr als vier Wochen liegen.<br \/>\n5.4 Der K\u00e4ufer ist bei Preis\u00e4nderungen nur zum R\u00fccktritt berechtigt, wenn die Preiserh\u00f6hung den Anstieg der allgemeinen Lebenshaltungskosten zwischen Bestellung und Auslieferung nicht nur unerheblich \u00fcbersteigt.<br \/>\n5.5 Bankverbindung:<br \/>\nImanuel Schramm, Volksbank Tettnang Konto Nr. 66127017, BLZ 65 191 500.<\/p>\n<h2>6. Annahmeverzug<\/h2>\n<p>6.1 Wird vom Kunden bestellte Ware nicht angenommen bzw. nicht abgeholt, so wird die Ware auf Gefahr und Risiko des Kunden bei uns eingelagert. Weigert sich der Kunde, nach Fristsetzung von 2 Wochen endg\u00fcltig die Ware anzunehmen bzw. abzuholen, so k\u00f6nnen wir frei anderweitig \u00fcber die Ware verf\u00fcgen. Den entstandenen Schaden tr\u00e4gt der K\u00e4ufer.<\/p>\n<h2>7. Eigentumsvorbehalt<\/h2>\n<p>7.1 Wir behalten uns das Eigentum an dem oder den Liefergegenst\u00e4nden bis zum Eingang aller Zahlungen aus dem Kaufvertrag vor. Der K\u00e4ufer darf den Liefergegenstand nur im ordentlichen Gesch\u00e4ftsgang unter Weitergabe des Eigentumsvorbehaltes ver\u00e4u\u00dfern, nicht jedoch verpf\u00e4nden oder zur Sicherheit \u00fcbereignen. Bei Pf\u00e4ndungen, Beschlagnahme oder sonstigen Verf\u00fcgungen durch Dritte hat er die Fa. Imgnition Schramm unverz\u00fcglich davon zu unterrichten.<\/p>\n<h2>8. Gew\u00e4hrleistung<\/h2>\n<p>F\u00fcr M\u00e4ngel der Lieferung haftet Fa. Imgnition Schramm wie folgt:<\/p>\n<p>8.1 Alle diejenigen Teile sind unentgeltlich nach Wahl der Fa. Imgnition Schramm nachzubessern oder neu zu liefern, die in Folge eines vor Gefahren\u00fcbergang liegenden Umstandes als mangelhaft herausstellen. Die Feststellung solcher M\u00e4ngel ist der Fa. Schramm unverz\u00fcglich schriftlich zu melden. Ersetzte Teile werden Eigentum der Fa. Schramm.<br \/>\n8.2 Es wird keine Gew\u00e4hr f\u00fcr Sch\u00e4den \u00fcbernommen, die aus nachfolgenden Gr\u00fcnden entstanden sind: ungeeignete oder unsachgem\u00e4\u00dfe Verwendung, fehlerhafte Montage bzw. Inbetriebsetzung durch den K\u00e4ufer oder Dritte, nat\u00fcrliche Abnutzung, fehlerhafte oder nachl\u00e4ssige Behandlung, ungeeignete Betriebsmittel oder elektrische Einfl\u00fcsse, sofern sie nicht auf ein Verschulden der Fa. Schramm zur\u00fcckzuf\u00fchren sind.<br \/>\n8.3 Zur Vornahme aller der Fa. Schramm nach billigem Ermessen notwendig erscheinenden Ausbesserungen und Ersatzlieferungen hat der K\u00e4ufer nach Verst\u00e4ndigung mit der Fa. Schramm die erforderliche Zeit und Gelegenheit zu geben, sonst ist Fa. Imgnition Schramm von der M\u00e4ngelhaftung befreit. Nur in dringenden F\u00e4llen bei Gef\u00e4hrdung der Betriebssicherheit oder zur Abwehr unverh\u00e4ltnism\u00e4\u00dfig gro\u00dfer Sch\u00e4den, wobei die Fa. Schramm sofort zu verst\u00e4ndigen ist, oder wenn die Fa. Imgnition Schramm mit der Beseitigung des Mangels in Verzug ist, hat der K\u00e4ufer das Recht, den Mangel selbst oder durch Dritte beseitigen zu lassen und von der Fa. Schramm Ersatz der notwendigen Kosten zu verlangen.<br \/>\n8.4 Von den durch die Ausbesserung bzw. Ersatzlieferung entstandenen unmittelbaren Kosten tr\u00e4gt die Fa. Imgnition Schramm &#8211;\u00a0 insoweit, als sich die Beanstandung als berechtigt herausstellt &#8211; die Kosten des Ersatzst\u00fcckes, einschlie\u00dflich des Versandes sowie die Kosten des Aus- und Einbaues.<br \/>\nSchl\u00e4gt die Nachbesserung oder Neulieferung fehl, so bleibt dem K\u00e4ufer das Recht vorbehalten, Minderung oder nach seiner Wahl R\u00fccktritt vom Vertrag geltend zu machen.<br \/>\n8.5 Durch etwa seitens des K\u00e4ufers oder Dritte unsachgem\u00e4\u00df ohne vorherige Genehmigung der Fa. Imgnition Schramm vorgenommene \u00c4nderungen oder Instandsetzungsarbeiten wird die Haftung der Fa. Imgnition Schramm aufgehoben.<br \/>\n8.6 Gebrauchte Waren werden unter Ausschluss jeglicher Gew\u00e4hrleistung ver\u00e4u\u00dfert. Im Rahmen des Verbrauchsg\u00fcterkaufs wird die Gew\u00e4hrleistung auf die Dauer eines Jahres beschr\u00e4nkt.<\/p>\n<h2>9. Haftung<\/h2>\n<p>9.1 F\u00fcr Sch\u00e4den, die nicht am Liefergegenstand selbst entstanden sind, haftet die Fa. Imgnition Schramm aus welchen Rechtsgr\u00fcnden auch immer &#8211; nur bei Vorsatz und grober Fahrl\u00e4ssigkeit der Gesch\u00e4ftsf\u00fchrung oder leitender Angestellter.<\/p>\n<p>Unbeschr\u00e4nkt haftet die Fa. Schramm bei schuldhafter Verletzung von Leben, K\u00f6rper, Gesundheit sowie bei M\u00e4ngeln, die sie arglistig verschwiegen oder deren Abwesenheit sie garantiert hat.<br \/>\nDie Fa. Imgnition Schramm haftet ferner bei M\u00e4ngeln des Liefergegenstandes, soweit nach Produkthaftungsgesetz f\u00fcr Personen- oder Sachsch\u00e4den an privat genutzten Gegenst\u00e4nden gehaftet wird.<br \/>\n9.2 Bei schuldhafter Verletzung wesentlicher Vertragspflichten haftet die Fa. Schramm auch bei grober Fahrl\u00e4ssigkeit nicht leitender Angestellter und bei leichter Fahrl\u00e4ssigkeit, in letzterem Fall begrenzt auf den vertragstypischen, vern\u00fcnftigerweise vorhersehbaren Schaden.<br \/>\n9.3 Ist der Liefergegenstand durch Verschulden der Fa. Schramm infolge unterlassener oder fehlerhafter Ausf\u00fchrung von vor oder nach Vertragsabschluss erfolgten Vorschl\u00e4gen und Beratungen, oder durch die Verletzung anderer vertraglicher Nebenpflichten &#8211; insbesondere Anleitung f\u00fcr Bedienung und Wartung des Liefergegenstandes &#8211; f\u00fcr den K\u00e4ufer nicht vertragsgem\u00e4\u00df verwendbar, so stehen dem K\u00e4ufer die Anspr\u00fcche aus Ziffer 8. sowie obige Ziffer, unter Ausschluss weiterer Anspr\u00fcche, zu.<br \/>\n9.4 Weitere Anspr\u00fcche sind ausgeschlossen.<\/p>\n<h2>10. Verj\u00e4hrung<\/h2>\n<p>10.1 Alle Anspr\u00fcche des K\u00e4ufers &#8211; aus welchen Rechtsgr\u00fcnden auch immer &#8211; verj\u00e4hren in zw\u00f6lf Monaten, im Rahmen eines Verbrauchsg\u00fcterkaufs verj\u00e4hren diese Anspr\u00fcche in 24 Monaten.<\/p>\n<p>F\u00fcr vors\u00e4tzliches oder arglistiges Verhalten sowie bei Anspruch nach dem Produkthaftungsgesetz sowie f\u00fcr Anspr\u00fcche aus schuldhafter Verletzung von Leben, K\u00f6rper, Gesundheit gelten die gesetzlichen Fristen.<br \/>\nSie gelten auch f\u00fcr M\u00e4ngel eines Bauwerks oder f\u00fcr Liefergegenst\u00e4nde, die entsprechend ihrer \u00fcblichen Verwendungsweise f\u00fcr ein Bauwerk verwendet wurden und dessen Mangelhaftigkeit verursacht haben.<\/p>\n<h2>11. Warenr\u00fccknahmen und R\u00fccklieferungen<\/h2>\n<p>11.1 Bei Warenr\u00fccknahmen\/-sendungen haftet der Kunde f\u00fcr die einwandfreie Verpackung der Ware.<\/p>\n<p>11.2 Eine Warengutschrift erfolgt erst nach eingehender Pr\u00fcfung der zur\u00fcckgesandten Ware. Die R\u00fccksendung muss &#8220;frei Haus&#8221; erfolgen. F\u00fcr Wiedereinlagerung werden dem K\u00e4ufer 15 % des Warenwerts, aber mindestens 15,00 EUR in Rechnung gestellt. Waren mit einem Nettowarenwert unter 50,00 EUR werden grunds\u00e4tzlich nicht f\u00fcr eine Warengutschrift zur\u00fcckgenommen. Besch\u00e4digte oder nicht mehr einwandfreie Waren sind von der R\u00fccksendung ausgeschlossen und werden nicht gutgeschrieben.<br \/>\n11.3 R\u00fccknahmen von Einzel- und Sonderanfertigungen sind grunds\u00e4tzlich ausgeschlossen.<\/p>\n<h2>12. Erf\u00fcllung der gesetzlichen Vorschriften<\/h2>\n<p>12.1 \u00c4nderungen und Umr\u00fcstungen von Fahrzeugen, die im \u00f6ffentlichen Stra\u00dfenverkehr teilnehmen, m\u00fcssen in die Fahrzeugpapiere eingetragen werden. Der K\u00e4ufer muss das Fahrzeug, soweit f\u00fcr die Teile keine ABE vorliegt, beim Technischen \u00dcberwachungsverein vorf\u00fchren. Die Verantwortung von umgebauten Fahrzeugen oder deren Teilen liegt beim K\u00e4ufer. Irgendwelche Anspr\u00fcche an den Verk\u00e4ufer wegen Nichtgenehmigung durch den T\u00dcV sind ausgeschlossen, es sei denn, der Verk\u00e4ufer hat die T\u00dcV-Zul\u00e4ssigkeit unter Beachtung der entsprechenden Auflagen ausdr\u00fccklich schriftlich zugesichert. Bei Fahrzeugen, an denen nach der Umr\u00fcstung \u00c4nderungen vorgenommen werden, entf\u00e4llt jegliche Haftung, sofern die \u00c4nderung f\u00fcr den Schaden mittelbar oder unmittelbar ausschlaggebend war.<\/p>\n<h2>13. Erf\u00fcllungsort\/Gerichtsstand\/Sonstiges<\/h2>\n<p>13.1 Erf\u00fcllungsort ist Tettnang.<br \/>\n13.2 Bei allen sich aus dem Vertragsverh\u00e4ltnis ergebenden Streitigkeiten ist der Sitz der Fa. Imgnition Schramm Gerichtsstand, wenn der Besteller Kaufmann, eine juristische Person des \u00f6ffentlichen Rechts oder ein \u00f6ffentlich-rechtliches Sonderverm\u00f6gen ist.<br \/>\nDie Fa. Schramm ist auch berechtigt, am Sitz des K\u00e4ufers zu klagen.<br \/>\n13.3 F\u00fcr alle Rechtsbeziehungen zwischen dem K\u00e4ufer und der Fa. Schramm gilt das Recht der Bundesrepublik Deutschland unter Ausschluss des CISG.<br \/>\n13.4 Sollte eine Bestimmung dieser Bedingungen unwirksam sein, werden hierdurch die \u00fcbrigen Bestimmungen nicht ber\u00fchrt, vielmehr wird die unwirksame Bestimmung durch eine solche ersetzt, die dem wirtschaftlich Gewollten am n\u00e4chsten kommt.<\/p>\n<h2>Informationen f\u00fcr Verbraucher<\/h2>\n<p>Nach den Vorschriften \u00fcber Fernabsatzvertr\u00e4ge, g\u00fcltig bei Bestellungen von Verbrauchern, informieren wir Sie \u00fcber uns und Ihre Rechte.<br \/>\n1. Die Fa. Imgnition Schramm Unsere Anschrift ist Wellmutsweiler 10 88069 Tettnang<br \/>\n2. Die Fa. Schramm betreibt den Handel mit Komponenten aller Art, wie etwa Tuningzylinder, Rahmenteile, Fahrwerksteile, Abgasanlagen, Vergaser, Leuchten, Felgen und Reifen sowie sonstiges Kfz-Tuningzubeh\u00f6r. Ein Vertrag \u00fcber die Bestellung und den Kauf unserer Waren kommt mit Ihrer Bestellung von Angeboten aus unserem Katalog zustande, eine gesonderte Auftragsbest\u00e4tigung oder schriftliche oder fernm\u00fcndliche Annahme Ihrer Bestellung erfolgt nicht.<br \/>\n3. Wir erkl\u00e4ren den Vorbehalt, eine in Qualit\u00e4t und Preis gleichwertige Leistung (Warenlieferung) zu erbringen sowie den Vorbehalt, die versprochene Leistung im Falle ihrer Nichtverf\u00fcgbarkeit nicht zu erbringen.<br \/>\n4. Die Preise f\u00fcr die Waren ergeben sich aus den Preislisten des Katalogs, beinhaltend die gesetzliche Mehrwertsteuer. Kosten des Versandes und der Versicherung fallen zus\u00e4tzlich an.<br \/>\n5. Der Preis f\u00fcr die Waren ist sowohl bei Abholung durch Sie oder bei Lieferung durch uns sofort in bar f\u00e4llig.<br \/>\n6. Wir gew\u00e4hren Ihnen ein uneingeschr\u00e4nktes R\u00fcckgaberecht f\u00fcr alle bei uns bezogenen Waren gem\u00e4\u00df unten stehender Zusatzinformationen.<\/p>\n<p>Zusatzinformationen zum R\u00fcckgaberecht des Verbrauchers<br \/>\nAuf alle bei uns bestellten Waren gew\u00e4hren wir Ihnen ein uneingeschr\u00e4nktes R\u00fcckgaberecht.<br \/>\nSie k\u00f6nnen dieses Recht innerhalb einer Frist von 4 Wochen oder 1 Monat oder 31 Tage, beginnend mit Erhalt der Ware, in Anspruch nehmen.<br \/>\nDie Inanspruchnahme besteht in der R\u00fccksendung der Ware oder, wenn diese nicht als Paket versandt werden kann, durch R\u00fccknahmeverlangen.<\/p>\n","protected":false},"excerpt":{"rendered":"<p>Allgemeine Gesch\u00e4ftsbedingungen Imanuel Schramm Wellmutsweiler 10 88069 Tettnang USt-Id.-Nr. DE 81 351 55 70 Finanzamt Friedrichshafen &nbsp; 1. Geltungsbereich 1.1 Lieferungen, Leistungen und Angebote erfolgen ausschlie\u00dflich aufgrund dieser Gesch\u00e4ftsbedingungen. \u00c4nderungen und Nebenabreden hierzu sind nur mit schriftlicher Best\u00e4tigung durch die Fa. Imgnition Schramm wirksam. 1.2 Etwaigen Allgemeinen Gesch\u00e4ftsbedingungen des K\u00e4ufers wird hiermit ausdr\u00fccklich widersprochen, diese [&#8230;]\n","protected":false},"author":1,"featured_media":0,"parent":0,"menu_order":8,"comment_status":"closed","ping_status":"closed","template":"","meta":{"footnotes":""},"class_list":["post-70","page","type-page","status-publish","hentry"],"_links":{"self":[{"href":"https:\/\/pvlignitions.com\/shop-us\/wp-json\/wp\/v2\/pages\/70","targetHints":{"allow":["GET"]}}],"collection":[{"href":"https:\/\/pvlignitions.com\/shop-us\/wp-json\/wp\/v2\/pages"}],"about":[{"href":"https:\/\/pvlignitions.com\/shop-us\/wp-json\/wp\/v2\/types\/page"}],"author":[{"embeddable":true,"href":"https:\/\/pvlignitions.com\/shop-us\/wp-json\/wp\/v2\/users\/1"}],"replies":[{"embeddable":true,"href":"https:\/\/pvlignitions.com\/shop-us\/wp-json\/wp\/v2\/comments?post=70"}],"version-history":[{"count":3,"href":"https:\/\/pvlignitions.com\/shop-us\/wp-json\/wp\/v2\/pages\/70\/revisions"}],"predecessor-version":[{"id":344,"href":"https:\/\/pvlignitions.com\/shop-us\/wp-json\/wp\/v2\/pages\/70\/revisions\/344"}],"wp:attachment":[{"href":"https:\/\/pvlignitions.com\/shop-us\/wp-json\/wp\/v2\/media?parent=70"}],"curies":[{"name":"wp","href":"https:\/\/api.w.org\/{rel}","templated":true}]}}